{"id":158,"date":"2023-09-14T14:04:45","date_gmt":"2023-09-14T14:04:45","guid":{"rendered":"https:\/\/ascentiumabogados.com\/?page_id=158"},"modified":"2024-11-04T16:40:28","modified_gmt":"2024-11-04T16:40:28","slug":"inicio","status":"publish","type":"page","link":"https:\/\/ascentiumabogados.com\/","title":{"rendered":"Inicio"},"content":{"rendered":"\t\t<div data-elementor-type=\"wp-page\" data-elementor-id=\"158\" class=\"elementor elementor-158\">\n\t\t\t\t\t\t\t\t\t<section class=\"elementor-section elementor-top-section elementor-element elementor-element-024044e elementor-section-height-min-height elementor-section-stretched elementor-section-boxed elementor-section-height-default elementor-section-items-middle\" data-id=\"024044e\" data-element_type=\"section\" data-settings=\"{&quot;stretch_section&quot;:&quot;section-stretched&quot;,&quot;background_background&quot;:&quot;classic&quot;}\">\n\t\t\t\t\t\t\t<div class=\"elementor-background-overlay\"><\/div>\n\t\t\t\t\t\t\t<div class=\"elementor-container elementor-column-gap-default\">\n\t\t\t\t\t<div class=\"elementor-column elementor-col-100 elementor-top-column elementor-element elementor-element-65fb3ad\" data-id=\"65fb3ad\" data-element_type=\"column\">\n\t\t\t<div class=\"elementor-widget-wrap\">\n\t\t\t\t\t\t\t\t\t<\/div>\n\t\t<\/div>\n\t\t\t\t\t\t\t<\/div>\n\t\t<\/section>\n\t\t\t\t<section class=\"elementor-section elementor-top-section elementor-element elementor-element-caf2d56 elementor-section-boxed elementor-section-height-default elementor-section-height-default\" data-id=\"caf2d56\" data-element_type=\"section\">\n\t\t\t\t\t\t<div class=\"elementor-container elementor-column-gap-default\">\n\t\t\t\t\t<div class=\"elementor-column elementor-col-100 elementor-top-column elementor-element elementor-element-4d63a7e\" data-id=\"4d63a7e\" data-element_type=\"column\">\n\t\t\t<div class=\"elementor-widget-wrap\">\n\t\t\t\t\t\t\t\t\t<\/div>\n\t\t<\/div>\n\t\t\t\t\t\t\t<\/div>\n\t\t<\/section>\n\t\t\t\t<section class=\"elementor-section elementor-top-section elementor-element elementor-element-12f8c59 elementor-section-boxed elementor-section-height-default elementor-section-height-default\" data-id=\"12f8c59\" data-element_type=\"section\">\n\t\t\t\t\t\t<div class=\"elementor-container elementor-column-gap-default\">\n\t\t\t\t\t<div class=\"elementor-column elementor-col-100 elementor-top-column elementor-element elementor-element-5ea50fd\" data-id=\"5ea50fd\" data-element_type=\"column\">\n\t\t\t<div class=\"elementor-widget-wrap elementor-element-populated\">\n\t\t\t\t\t\t\t\t<div class=\"elementor-element elementor-element-304fe59 elementor-widget-divider--view-line elementor-widget elementor-widget-divider\" data-id=\"304fe59\" data-element_type=\"widget\" data-widget_type=\"divider.default\">\n\t\t\t\t<div class=\"elementor-widget-container\">\n\t\t\t<style>\/*! elementor - v3.15.0 - 20-08-2023 *\/\n.elementor-widget-divider{--divider-border-style:none;--divider-border-width:1px;--divider-color:#0c0d0e;--divider-icon-size:20px;--divider-element-spacing:10px;--divider-pattern-height:24px;--divider-pattern-size:20px;--divider-pattern-url:none;--divider-pattern-repeat:repeat-x}.elementor-widget-divider .elementor-divider{display:flex}.elementor-widget-divider .elementor-divider__text{font-size:15px;line-height:1;max-width:95%}.elementor-widget-divider .elementor-divider__element{margin:0 var(--divider-element-spacing);flex-shrink:0}.elementor-widget-divider .elementor-icon{font-size:var(--divider-icon-size)}.elementor-widget-divider .elementor-divider-separator{display:flex;margin:0;direction:ltr}.elementor-widget-divider--view-line_icon .elementor-divider-separator,.elementor-widget-divider--view-line_text .elementor-divider-separator{align-items:center}.elementor-widget-divider--view-line_icon .elementor-divider-separator:after,.elementor-widget-divider--view-line_icon .elementor-divider-separator:before,.elementor-widget-divider--view-line_text .elementor-divider-separator:after,.elementor-widget-divider--view-line_text .elementor-divider-separator:before{display:block;content:\"\";border-bottom:0;flex-grow:1;border-top:var(--divider-border-width) var(--divider-border-style) var(--divider-color)}.elementor-widget-divider--element-align-left .elementor-divider .elementor-divider-separator>.elementor-divider__svg:first-of-type{flex-grow:0;flex-shrink:100}.elementor-widget-divider--element-align-left .elementor-divider-separator:before{content:none}.elementor-widget-divider--element-align-left .elementor-divider__element{margin-left:0}.elementor-widget-divider--element-align-right .elementor-divider .elementor-divider-separator>.elementor-divider__svg:last-of-type{flex-grow:0;flex-shrink:100}.elementor-widget-divider--element-align-right .elementor-divider-separator:after{content:none}.elementor-widget-divider--element-align-right .elementor-divider__element{margin-right:0}.elementor-widget-divider:not(.elementor-widget-divider--view-line_text):not(.elementor-widget-divider--view-line_icon) .elementor-divider-separator{border-top:var(--divider-border-width) var(--divider-border-style) var(--divider-color)}.elementor-widget-divider--separator-type-pattern{--divider-border-style:none}.elementor-widget-divider--separator-type-pattern.elementor-widget-divider--view-line .elementor-divider-separator,.elementor-widget-divider--separator-type-pattern:not(.elementor-widget-divider--view-line) .elementor-divider-separator:after,.elementor-widget-divider--separator-type-pattern:not(.elementor-widget-divider--view-line) .elementor-divider-separator:before,.elementor-widget-divider--separator-type-pattern:not([class*=elementor-widget-divider--view]) .elementor-divider-separator{width:100%;min-height:var(--divider-pattern-height);-webkit-mask-size:var(--divider-pattern-size) 100%;mask-size:var(--divider-pattern-size) 100%;-webkit-mask-repeat:var(--divider-pattern-repeat);mask-repeat:var(--divider-pattern-repeat);background-color:var(--divider-color);-webkit-mask-image:var(--divider-pattern-url);mask-image:var(--divider-pattern-url)}.elementor-widget-divider--no-spacing{--divider-pattern-size:auto}.elementor-widget-divider--bg-round{--divider-pattern-repeat:round}.rtl .elementor-widget-divider .elementor-divider__text{direction:rtl}.e-con-inner>.elementor-widget-divider,.e-con>.elementor-widget-divider{width:var(--container-widget-width,100%);--flex-grow:var(--container-widget-flex-grow)}<\/style>\t\t<div class=\"elementor-divider\">\n\t\t\t<span class=\"elementor-divider-separator\">\n\t\t\t\t\t\t<\/span>\n\t\t<\/div>\n\t\t\t\t<\/div>\n\t\t\t\t<\/div>\n\t\t\t\t\t<\/div>\n\t\t<\/div>\n\t\t\t\t\t\t\t<\/div>\n\t\t<\/section>\n\t\t\t\t<section class=\"elementor-section elementor-top-section elementor-element elementor-element-8f2f4b4 elementor-section-stretched elementor-section-height-min-height elementor-section-boxed elementor-section-height-default elementor-section-items-middle elementor-invisible\" data-id=\"8f2f4b4\" data-element_type=\"section\" data-settings=\"{&quot;stretch_section&quot;:&quot;section-stretched&quot;,&quot;animation&quot;:&quot;fadeInDown&quot;}\">\n\t\t\t\t\t\t<div class=\"elementor-container elementor-column-gap-default\">\n\t\t\t\t\t<div class=\"elementor-column elementor-col-16 elementor-top-column elementor-element elementor-element-a6e59c2\" data-id=\"a6e59c2\" data-element_type=\"column\">\n\t\t\t<div class=\"elementor-widget-wrap elementor-element-populated\">\n\t\t\t\t\t\t\t\t<div class=\"elementor-element elementor-element-47eaae3 elementor-position-top elementor-widget elementor-widget-image-box\" data-id=\"47eaae3\" data-element_type=\"widget\" data-widget_type=\"image-box.default\">\n\t\t\t\t<div class=\"elementor-widget-container\">\n\t\t\t<style>\/*! elementor - v3.15.0 - 20-08-2023 *\/\n.elementor-widget-image-box .elementor-image-box-content{width:100%}@media (min-width:768px){.elementor-widget-image-box.elementor-position-left .elementor-image-box-wrapper,.elementor-widget-image-box.elementor-position-right .elementor-image-box-wrapper{display:flex}.elementor-widget-image-box.elementor-position-right .elementor-image-box-wrapper{text-align:right;flex-direction:row-reverse}.elementor-widget-image-box.elementor-position-left .elementor-image-box-wrapper{text-align:left;flex-direction:row}.elementor-widget-image-box.elementor-position-top .elementor-image-box-img{margin:auto}.elementor-widget-image-box.elementor-vertical-align-top .elementor-image-box-wrapper{align-items:flex-start}.elementor-widget-image-box.elementor-vertical-align-middle .elementor-image-box-wrapper{align-items:center}.elementor-widget-image-box.elementor-vertical-align-bottom .elementor-image-box-wrapper{align-items:flex-end}}@media (max-width:767px){.elementor-widget-image-box .elementor-image-box-img{margin-left:auto!important;margin-right:auto!important;margin-bottom:15px}}.elementor-widget-image-box .elementor-image-box-img{display:inline-block}.elementor-widget-image-box .elementor-image-box-title a{color:inherit}.elementor-widget-image-box .elementor-image-box-wrapper{text-align:center}.elementor-widget-image-box .elementor-image-box-description{margin:0}<\/style><div class=\"elementor-image-box-wrapper\"><figure class=\"elementor-image-box-img\"><a href=\"https:\/\/ascentiumabogados.com\/index.php\/servicios\/servicios-de-seguros\/\" target=\"_blank\" rel=\"nofollow\"><img decoding=\"async\" loading=\"lazy\" width=\"512\" height=\"512\" src=\"https:\/\/ascentiumabogados.com\/wp-content\/uploads\/2023\/09\/columna2.png\" class=\"attachment-full size-full wp-image-55\" alt=\"\" srcset=\"https:\/\/ascentiumabogados.com\/wp-content\/uploads\/2023\/09\/columna2.png 512w, https:\/\/ascentiumabogados.com\/wp-content\/uploads\/2023\/09\/columna2-300x300.png 300w, https:\/\/ascentiumabogados.com\/wp-content\/uploads\/2023\/09\/columna2-150x150.png 150w\" sizes=\"(max-width: 512px) 100vw, 512px\" \/><\/a><\/figure><div class=\"elementor-image-box-content\"><h3 class=\"elementor-image-box-title\"><a href=\"https:\/\/ascentiumabogados.com\/index.php\/servicios\/servicios-de-seguros\/\" target=\"_blank\" rel=\"nofollow\"><br>SERVICIOS <br>DE SEGUROS<\/a><\/h3><\/div><\/div>\t\t<\/div>\n\t\t\t\t<\/div>\n\t\t\t\t\t<\/div>\n\t\t<\/div>\n\t\t\t\t<div class=\"elementor-column elementor-col-16 elementor-top-column elementor-element elementor-element-07f3680\" data-id=\"07f3680\" data-element_type=\"column\">\n\t\t\t<div class=\"elementor-widget-wrap elementor-element-populated\">\n\t\t\t\t\t\t\t\t<div class=\"elementor-element elementor-element-ef05ffd elementor-position-top elementor-widget elementor-widget-image-box\" data-id=\"ef05ffd\" data-element_type=\"widget\" data-widget_type=\"image-box.default\">\n\t\t\t\t<div class=\"elementor-widget-container\">\n\t\t\t<div class=\"elementor-image-box-wrapper\"><figure class=\"elementor-image-box-img\"><a href=\"https:\/\/ascentiumabogados.com\/index.php\/servicios\/derecho-civil\/\" target=\"_blank\" rel=\"nofollow\"><img decoding=\"async\" loading=\"lazy\" width=\"512\" height=\"512\" src=\"https:\/\/ascentiumabogados.com\/wp-content\/uploads\/2023\/09\/columna2.png\" class=\"attachment-full size-full wp-image-55\" alt=\"\" srcset=\"https:\/\/ascentiumabogados.com\/wp-content\/uploads\/2023\/09\/columna2.png 512w, https:\/\/ascentiumabogados.com\/wp-content\/uploads\/2023\/09\/columna2-300x300.png 300w, https:\/\/ascentiumabogados.com\/wp-content\/uploads\/2023\/09\/columna2-150x150.png 150w\" sizes=\"(max-width: 512px) 100vw, 512px\" \/><\/a><\/figure><div class=\"elementor-image-box-content\"><h3 class=\"elementor-image-box-title\"><a href=\"https:\/\/ascentiumabogados.com\/index.php\/servicios\/derecho-civil\/\" target=\"_blank\" rel=\"nofollow\"><br>DERECHO<br>CIVIL<\/a><\/h3><\/div><\/div>\t\t<\/div>\n\t\t\t\t<\/div>\n\t\t\t\t\t<\/div>\n\t\t<\/div>\n\t\t\t\t<div class=\"elementor-column elementor-col-16 elementor-top-column elementor-element elementor-element-b02a559\" data-id=\"b02a559\" data-element_type=\"column\">\n\t\t\t<div class=\"elementor-widget-wrap elementor-element-populated\">\n\t\t\t\t\t\t\t\t<div class=\"elementor-element elementor-element-250867c elementor-position-top elementor-widget elementor-widget-image-box\" data-id=\"250867c\" data-element_type=\"widget\" data-widget_type=\"image-box.default\">\n\t\t\t\t<div class=\"elementor-widget-container\">\n\t\t\t<div class=\"elementor-image-box-wrapper\"><figure class=\"elementor-image-box-img\"><a href=\"https:\/\/ascentiumabogados.com\/index.php\/servicios\/derecho-de-familia\/\" target=\"_blank\" rel=\"nofollow\"><img decoding=\"async\" loading=\"lazy\" width=\"512\" height=\"512\" src=\"https:\/\/ascentiumabogados.com\/wp-content\/uploads\/2023\/09\/columna2.png\" class=\"attachment-full size-full wp-image-55\" alt=\"\" srcset=\"https:\/\/ascentiumabogados.com\/wp-content\/uploads\/2023\/09\/columna2.png 512w, https:\/\/ascentiumabogados.com\/wp-content\/uploads\/2023\/09\/columna2-300x300.png 300w, https:\/\/ascentiumabogados.com\/wp-content\/uploads\/2023\/09\/columna2-150x150.png 150w\" sizes=\"(max-width: 512px) 100vw, 512px\" \/><\/a><\/figure><div class=\"elementor-image-box-content\"><h3 class=\"elementor-image-box-title\"><a href=\"https:\/\/ascentiumabogados.com\/index.php\/servicios\/derecho-de-familia\/\" target=\"_blank\" rel=\"nofollow\"><br>PROPIEDAD <br>INTELECTUAL<\/a><\/h3><\/div><\/div>\t\t<\/div>\n\t\t\t\t<\/div>\n\t\t\t\t\t<\/div>\n\t\t<\/div>\n\t\t\t\t<div class=\"elementor-column elementor-col-16 elementor-top-column elementor-element elementor-element-b1f6a50\" data-id=\"b1f6a50\" data-element_type=\"column\">\n\t\t\t<div class=\"elementor-widget-wrap elementor-element-populated\">\n\t\t\t\t\t\t\t\t<div class=\"elementor-element elementor-element-9734a35 elementor-position-top elementor-widget elementor-widget-image-box\" data-id=\"9734a35\" data-element_type=\"widget\" data-widget_type=\"image-box.default\">\n\t\t\t\t<div class=\"elementor-widget-container\">\n\t\t\t<div class=\"elementor-image-box-wrapper\"><figure class=\"elementor-image-box-img\"><a href=\"https:\/\/ascentiumabogados.com\/index.php\/servicios\/derecho-penal\/\" target=\"_blank\" rel=\"nofollow\"><img decoding=\"async\" loading=\"lazy\" width=\"512\" height=\"512\" src=\"https:\/\/ascentiumabogados.com\/wp-content\/uploads\/2023\/09\/columna2.png\" class=\"attachment-full size-full wp-image-55\" alt=\"\" srcset=\"https:\/\/ascentiumabogados.com\/wp-content\/uploads\/2023\/09\/columna2.png 512w, https:\/\/ascentiumabogados.com\/wp-content\/uploads\/2023\/09\/columna2-300x300.png 300w, https:\/\/ascentiumabogados.com\/wp-content\/uploads\/2023\/09\/columna2-150x150.png 150w\" sizes=\"(max-width: 512px) 100vw, 512px\" \/><\/a><\/figure><div class=\"elementor-image-box-content\"><h3 class=\"elementor-image-box-title\"><a href=\"https:\/\/ascentiumabogados.com\/index.php\/servicios\/derecho-penal\/\" target=\"_blank\" rel=\"nofollow\"><br>DERECHO<br>PENAL<\/a><\/h3><\/div><\/div>\t\t<\/div>\n\t\t\t\t<\/div>\n\t\t\t\t\t<\/div>\n\t\t<\/div>\n\t\t\t\t<div class=\"elementor-column elementor-col-16 elementor-top-column elementor-element elementor-element-393c1c5\" data-id=\"393c1c5\" data-element_type=\"column\">\n\t\t\t<div class=\"elementor-widget-wrap elementor-element-populated\">\n\t\t\t\t\t\t\t\t<div class=\"elementor-element elementor-element-6dff138 elementor-position-top elementor-widget elementor-widget-image-box\" data-id=\"6dff138\" data-element_type=\"widget\" data-widget_type=\"image-box.default\">\n\t\t\t\t<div class=\"elementor-widget-container\">\n\t\t\t<div class=\"elementor-image-box-wrapper\"><figure class=\"elementor-image-box-img\"><a href=\"https:\/\/ascentiumabogados.com\/index.php\/servicios\/derecho-tributario\/\" target=\"_blank\" rel=\"nofollow\"><img decoding=\"async\" loading=\"lazy\" width=\"512\" height=\"512\" src=\"https:\/\/ascentiumabogados.com\/wp-content\/uploads\/2023\/09\/columna2.png\" class=\"attachment-full size-full wp-image-55\" alt=\"\" srcset=\"https:\/\/ascentiumabogados.com\/wp-content\/uploads\/2023\/09\/columna2.png 512w, https:\/\/ascentiumabogados.com\/wp-content\/uploads\/2023\/09\/columna2-300x300.png 300w, https:\/\/ascentiumabogados.com\/wp-content\/uploads\/2023\/09\/columna2-150x150.png 150w\" sizes=\"(max-width: 512px) 100vw, 512px\" \/><\/a><\/figure><div class=\"elementor-image-box-content\"><h3 class=\"elementor-image-box-title\"><a href=\"https:\/\/ascentiumabogados.com\/index.php\/servicios\/derecho-tributario\/\" target=\"_blank\" rel=\"nofollow\"><br>DERECHO <br>TRIBUTARIO<\/a><\/h3><\/div><\/div>\t\t<\/div>\n\t\t\t\t<\/div>\n\t\t\t\t\t<\/div>\n\t\t<\/div>\n\t\t\t\t<div class=\"elementor-column elementor-col-16 elementor-top-column elementor-element elementor-element-3d57a59\" data-id=\"3d57a59\" data-element_type=\"column\">\n\t\t\t<div class=\"elementor-widget-wrap elementor-element-populated\">\n\t\t\t\t\t\t\t\t<div class=\"elementor-element elementor-element-6bcc4b8 elementor-position-top elementor-widget elementor-widget-image-box\" data-id=\"6bcc4b8\" data-element_type=\"widget\" data-widget_type=\"image-box.default\">\n\t\t\t\t<div class=\"elementor-widget-container\">\n\t\t\t<div class=\"elementor-image-box-wrapper\"><figure class=\"elementor-image-box-img\"><a href=\"https:\/\/ascentiumabogados.com\/index.php\/servicios\/derecho-corporativo\/\" target=\"_blank\" rel=\"nofollow\"><img decoding=\"async\" loading=\"lazy\" width=\"512\" height=\"512\" src=\"https:\/\/ascentiumabogados.com\/wp-content\/uploads\/2023\/09\/columna2.png\" class=\"attachment-full size-full wp-image-55\" alt=\"\" srcset=\"https:\/\/ascentiumabogados.com\/wp-content\/uploads\/2023\/09\/columna2.png 512w, https:\/\/ascentiumabogados.com\/wp-content\/uploads\/2023\/09\/columna2-300x300.png 300w, https:\/\/ascentiumabogados.com\/wp-content\/uploads\/2023\/09\/columna2-150x150.png 150w\" sizes=\"(max-width: 512px) 100vw, 512px\" \/><\/a><\/figure><div class=\"elementor-image-box-content\"><h3 class=\"elementor-image-box-title\"><a href=\"https:\/\/ascentiumabogados.com\/index.php\/servicios\/derecho-corporativo\/\" target=\"_blank\" rel=\"nofollow\"><br>DERECHO<br>CORPORATIVO<\/a><\/h3><\/div><\/div>\t\t<\/div>\n\t\t\t\t<\/div>\n\t\t\t\t\t<\/div>\n\t\t<\/div>\n\t\t\t\t\t\t\t<\/div>\n\t\t<\/section>\n\t\t\t\t<section class=\"elementor-section elementor-top-section elementor-element elementor-element-a82daca elementor-section-boxed elementor-section-height-default elementor-section-height-default\" data-id=\"a82daca\" data-element_type=\"section\">\n\t\t\t\t\t\t<div class=\"elementor-container elementor-column-gap-default\">\n\t\t\t\t\t<div class=\"elementor-column elementor-col-100 elementor-top-column elementor-element elementor-element-f3180bd\" data-id=\"f3180bd\" data-element_type=\"column\">\n\t\t\t<div class=\"elementor-widget-wrap elementor-element-populated\">\n\t\t\t\t\t\t\t\t<div class=\"elementor-element elementor-element-0b468ac elementor-widget-divider--view-line elementor-widget elementor-widget-divider\" data-id=\"0b468ac\" data-element_type=\"widget\" data-widget_type=\"divider.default\">\n\t\t\t\t<div class=\"elementor-widget-container\">\n\t\t\t\t\t<div class=\"elementor-divider\">\n\t\t\t<span class=\"elementor-divider-separator\">\n\t\t\t\t\t\t<\/span>\n\t\t<\/div>\n\t\t\t\t<\/div>\n\t\t\t\t<\/div>\n\t\t\t\t\t<\/div>\n\t\t<\/div>\n\t\t\t\t\t\t\t<\/div>\n\t\t<\/section>\n\t\t\t\t<section class=\"elementor-section elementor-top-section elementor-element elementor-element-8b1f560 elementor-section-boxed elementor-section-height-default elementor-section-height-default\" data-id=\"8b1f560\" data-element_type=\"section\">\n\t\t\t\t\t\t<div class=\"elementor-container elementor-column-gap-default\">\n\t\t\t\t\t<div class=\"elementor-column elementor-col-100 elementor-top-column elementor-element elementor-element-53533cb\" data-id=\"53533cb\" data-element_type=\"column\">\n\t\t\t<div class=\"elementor-widget-wrap\">\n\t\t\t\t\t\t\t\t\t<\/div>\n\t\t<\/div>\n\t\t\t\t\t\t\t<\/div>\n\t\t<\/section>\n\t\t\t\t<section class=\"elementor-section elementor-top-section elementor-element elementor-element-1a07e1a elementor-section-boxed elementor-section-height-default elementor-section-height-default\" data-id=\"1a07e1a\" data-element_type=\"section\">\n\t\t\t\t\t\t<div class=\"elementor-container elementor-column-gap-default\">\n\t\t\t\t\t<div class=\"elementor-column elementor-col-100 elementor-top-column elementor-element elementor-element-c96a66f\" data-id=\"c96a66f\" data-element_type=\"column\">\n\t\t\t<div class=\"elementor-widget-wrap elementor-element-populated\">\n\t\t\t\t\t\t\t\t<div class=\"elementor-element elementor-element-6af7d91 elementor-widget elementor-widget-heading\" data-id=\"6af7d91\" data-element_type=\"widget\" data-widget_type=\"heading.default\">\n\t\t\t\t<div class=\"elementor-widget-container\">\n\t\t\t<style>\/*! elementor - v3.15.0 - 20-08-2023 *\/\n.elementor-heading-title{padding:0;margin:0;line-height:1}.elementor-widget-heading .elementor-heading-title[class*=elementor-size-]>a{color:inherit;font-size:inherit;line-height:inherit}.elementor-widget-heading .elementor-heading-title.elementor-size-small{font-size:15px}.elementor-widget-heading .elementor-heading-title.elementor-size-medium{font-size:19px}.elementor-widget-heading .elementor-heading-title.elementor-size-large{font-size:29px}.elementor-widget-heading .elementor-heading-title.elementor-size-xl{font-size:39px}.elementor-widget-heading .elementor-heading-title.elementor-size-xxl{font-size:59px}<\/style><h2 class=\"elementor-heading-title elementor-size-default\">ASCENTIUM<\/h2>\t\t<\/div>\n\t\t\t\t<\/div>\n\t\t\t\t<div class=\"elementor-element elementor-element-57d1bb3 elementor-widget elementor-widget-heading\" data-id=\"57d1bb3\" data-element_type=\"widget\" data-widget_type=\"heading.default\">\n\t\t\t\t<div class=\"elementor-widget-container\">\n\t\t\t<h2 class=\"elementor-heading-title elementor-size-default\">En Ascentium nuestra misi\u00f3n es brindar a nuestros clientes asesoramiento legal excepcional y soluciones efectivas, basadas en la integridad, la experiencia y el compromiso con la justicia. Trabajamos incansablemente para proteger sus derechos e intereses, buscando siempre la excelencia en cada caso.<\/h2>\t\t<\/div>\n\t\t\t\t<\/div>\n\t\t\t\t<div class=\"elementor-element elementor-element-e1a6975 elementor-widget-mobile__width-initial elementor-widget elementor-widget-heading\" data-id=\"e1a6975\" data-element_type=\"widget\" data-widget_type=\"heading.default\">\n\t\t\t\t<div class=\"elementor-widget-container\">\n\t\t\t<h2 class=\"elementor-heading-title elementor-size-default\">Ascentium es una firma de abogados comprometida con la excelencia y la justicia en el \u00e1mbito legal. Nuestra misi\u00f3n es brindar asesoramiento legal excepcional y soluciones efectivas a nuestros clientes, respaldados por una s\u00f3lida integridad y una amplia experiencia. Nos esforzamos incansablemente por proteger los derechos e intereses de quienes conf\u00edan en nosotros. <br><br>Como l\u00edderes reconocidos en el campo legal, buscamos la innovaci\u00f3n y la excelencia en cada caso que abordamos. Nuestro enfoque est\u00e1 centrado en el cliente, y aspiramos a ser la firma de abogados de preferencia para aquellos que buscan resultados sobresalientes. A trav\u00e9s de nuestro trabajo, contribuimos a la construcci\u00f3n de un sistema legal m\u00e1s justo y equitativo en nuestra comunidad y m\u00e1s all\u00e1.<\/h2>\t\t<\/div>\n\t\t\t\t<\/div>\n\t\t\t\t\t<\/div>\n\t\t<\/div>\n\t\t\t\t\t\t\t<\/div>\n\t\t<\/section>\n\t\t\t\t\t\t\t<\/div>\n\t\t","protected":false},"excerpt":{"rendered":"<p>SERVICIOS DE SEGUROS DERECHOCIVIL PROPIEDAD INTELECTUAL DERECHOPENAL DERECHO TRIBUTARIO DERECHOCORPORATIVO ASCENTIUM En Ascentium nuestra misi\u00f3n es brindar a nuestros clientes asesoramiento legal excepcional y soluciones efectivas, basadas en la integridad, la experiencia y el compromiso con la justicia. Trabajamos incansablemente para proteger sus derechos e intereses, buscando siempre la excelencia en cada caso. Ascentium es &hellip;<\/p>\n<p class=\"read-more\"> <a class=\"\" href=\"https:\/\/ascentiumabogados.com\/\"> <span class=\"screen-reader-text\">Inicio<\/span> Leer m\u00e1s &raquo;<\/a><\/p>\n","protected":false},"author":1,"featured_media":0,"parent":0,"menu_order":0,"comment_status":"closed","ping_status":"closed","template":"","meta":{"site-sidebar-layout":"default","site-content-layout":"","ast-site-content-layout":"","site-content-style":"default","site-sidebar-style":"default","ast-global-header-display":"","ast-banner-title-visibility":"","ast-main-header-display":"","ast-hfb-above-header-display":"","ast-hfb-below-header-display":"","ast-hfb-mobile-header-display":"","site-post-title":"","ast-breadcrumbs-content":"","ast-featured-img":"","footer-sml-layout":"","theme-transparent-header-meta":"","adv-header-id-meta":"","stick-header-meta":"","header-above-stick-meta":"","header-main-stick-meta":"","header-below-stick-meta":"","astra-migrate-meta-layouts":"","footnotes":""},"_links":{"self":[{"href":"https:\/\/ascentiumabogados.com\/index.php\/wp-json\/wp\/v2\/pages\/158"}],"collection":[{"href":"https:\/\/ascentiumabogados.com\/index.php\/wp-json\/wp\/v2\/pages"}],"about":[{"href":"https:\/\/ascentiumabogados.com\/index.php\/wp-json\/wp\/v2\/types\/page"}],"author":[{"embeddable":true,"href":"https:\/\/ascentiumabogados.com\/index.php\/wp-json\/wp\/v2\/users\/1"}],"replies":[{"embeddable":true,"href":"https:\/\/ascentiumabogados.com\/index.php\/wp-json\/wp\/v2\/comments?post=158"}],"version-history":[{"count":348,"href":"https:\/\/ascentiumabogados.com\/index.php\/wp-json\/wp\/v2\/pages\/158\/revisions"}],"predecessor-version":[{"id":1546,"href":"https:\/\/ascentiumabogados.com\/index.php\/wp-json\/wp\/v2\/pages\/158\/revisions\/1546"}],"wp:attachment":[{"href":"https:\/\/ascentiumabogados.com\/index.php\/wp-json\/wp\/v2\/media?parent=158"}],"curies":[{"name":"wp","href":"https:\/\/api.w.org\/{rel}","templated":true}]}}