{"id":802,"date":"2023-10-19T13:23:43","date_gmt":"2023-10-19T13:23:43","guid":{"rendered":"https:\/\/ascentiumabogados.com\/?page_id=802"},"modified":"2024-11-04T01:30:04","modified_gmt":"2024-11-04T01:30:04","slug":"derecho-civil","status":"publish","type":"page","link":"https:\/\/ascentiumabogados.com\/index.php\/servicios\/derecho-civil\/","title":{"rendered":"Derecho Civil"},"content":{"rendered":"\t\t<div data-elementor-type=\"wp-page\" data-elementor-id=\"802\" class=\"elementor elementor-802\">\n\t\t\t\t\t\t\t\t\t<section class=\"elementor-section elementor-top-section elementor-element elementor-element-39aee5a elementor-section-boxed elementor-section-height-default elementor-section-height-default\" data-id=\"39aee5a\" data-element_type=\"section\">\n\t\t\t\t\t\t<div class=\"elementor-container elementor-column-gap-default\">\n\t\t\t\t\t<div class=\"elementor-column elementor-col-100 elementor-top-column elementor-element elementor-element-5205365\" data-id=\"5205365\" data-element_type=\"column\">\n\t\t\t<div class=\"elementor-widget-wrap\">\n\t\t\t\t\t\t\t\t\t<\/div>\n\t\t<\/div>\n\t\t\t\t\t\t\t<\/div>\n\t\t<\/section>\n\t\t\t\t<section class=\"elementor-section elementor-top-section elementor-element elementor-element-3862407 elementor-section-boxed elementor-section-height-default elementor-section-height-default\" data-id=\"3862407\" data-element_type=\"section\">\n\t\t\t\t\t\t<div class=\"elementor-container elementor-column-gap-default\">\n\t\t\t\t\t<div class=\"elementor-column elementor-col-100 elementor-top-column elementor-element elementor-element-79520e1\" data-id=\"79520e1\" data-element_type=\"column\">\n\t\t\t<div class=\"elementor-widget-wrap elementor-element-populated\">\n\t\t\t\t\t\t\t\t<div class=\"elementor-element elementor-element-4483c70 elementor-widget elementor-widget-image\" data-id=\"4483c70\" data-element_type=\"widget\" data-widget_type=\"image.default\">\n\t\t\t\t<div class=\"elementor-widget-container\">\n\t\t\t<style>\/*! elementor - v3.15.0 - 20-08-2023 *\/\n.elementor-widget-image{text-align:center}.elementor-widget-image a{display:inline-block}.elementor-widget-image a img[src$=\".svg\"]{width:48px}.elementor-widget-image img{vertical-align:middle;display:inline-block}<\/style>\t\t\t\t\t\t\t\t\t\t\t\t<img decoding=\"async\" loading=\"lazy\" width=\"300\" height=\"200\" src=\"https:\/\/ascentiumabogados.com\/wp-content\/uploads\/2023\/09\/pexels-karolina-grabowska-7876051-300x200.jpg\" class=\"attachment-medium size-medium wp-image-226\" alt=\"\" srcset=\"https:\/\/ascentiumabogados.com\/wp-content\/uploads\/2023\/09\/pexels-karolina-grabowska-7876051-300x200.jpg 300w, https:\/\/ascentiumabogados.com\/wp-content\/uploads\/2023\/09\/pexels-karolina-grabowska-7876051-1024x683.jpg 1024w, https:\/\/ascentiumabogados.com\/wp-content\/uploads\/2023\/09\/pexels-karolina-grabowska-7876051-768x512.jpg 768w, https:\/\/ascentiumabogados.com\/wp-content\/uploads\/2023\/09\/pexels-karolina-grabowska-7876051-1536x1024.jpg 1536w, https:\/\/ascentiumabogados.com\/wp-content\/uploads\/2023\/09\/pexels-karolina-grabowska-7876051-2048x1365.jpg 2048w\" sizes=\"(max-width: 300px) 100vw, 300px\" \/>\t\t\t\t\t\t\t\t\t\t\t\t\t\t\t<\/div>\n\t\t\t\t<\/div>\n\t\t\t\t\t<\/div>\n\t\t<\/div>\n\t\t\t\t\t\t\t<\/div>\n\t\t<\/section>\n\t\t\t\t<section class=\"elementor-section elementor-top-section elementor-element elementor-element-64bc5fa elementor-section-boxed elementor-section-height-default elementor-section-height-default\" data-id=\"64bc5fa\" data-element_type=\"section\">\n\t\t\t\t\t\t<div class=\"elementor-container elementor-column-gap-default\">\n\t\t\t\t\t<div class=\"elementor-column elementor-col-100 elementor-top-column elementor-element elementor-element-bad8a03\" data-id=\"bad8a03\" data-element_type=\"column\">\n\t\t\t<div class=\"elementor-widget-wrap elementor-element-populated\">\n\t\t\t\t\t\t\t\t<div class=\"elementor-element elementor-element-03c7124 elementor-widget elementor-widget-heading\" data-id=\"03c7124\" data-element_type=\"widget\" data-widget_type=\"heading.default\">\n\t\t\t\t<div class=\"elementor-widget-container\">\n\t\t\t<style>\/*! elementor - v3.15.0 - 20-08-2023 *\/\n.elementor-heading-title{padding:0;margin:0;line-height:1}.elementor-widget-heading .elementor-heading-title[class*=elementor-size-]>a{color:inherit;font-size:inherit;line-height:inherit}.elementor-widget-heading .elementor-heading-title.elementor-size-small{font-size:15px}.elementor-widget-heading .elementor-heading-title.elementor-size-medium{font-size:19px}.elementor-widget-heading .elementor-heading-title.elementor-size-large{font-size:29px}.elementor-widget-heading .elementor-heading-title.elementor-size-xl{font-size:39px}.elementor-widget-heading .elementor-heading-title.elementor-size-xxl{font-size:59px}<\/style><h2 class=\"elementor-heading-title elementor-size-default\">Derecho Civil<\/h2>\t\t<\/div>\n\t\t\t\t<\/div>\n\t\t\t\t\t<\/div>\n\t\t<\/div>\n\t\t\t\t\t\t\t<\/div>\n\t\t<\/section>\n\t\t\t\t<section class=\"elementor-section elementor-top-section elementor-element elementor-element-58b2cc2 elementor-section-boxed elementor-section-height-default elementor-section-height-default\" data-id=\"58b2cc2\" data-element_type=\"section\">\n\t\t\t\t\t\t<div class=\"elementor-container elementor-column-gap-default\">\n\t\t\t\t\t<div class=\"elementor-column elementor-col-100 elementor-top-column elementor-element elementor-element-5ac37f9\" data-id=\"5ac37f9\" data-element_type=\"column\">\n\t\t\t<div class=\"elementor-widget-wrap elementor-element-populated\">\n\t\t\t\t\t\t\t\t<div class=\"elementor-element elementor-element-b634718 elementor-widget__width-initial elementor-widget elementor-widget-text-editor\" data-id=\"b634718\" data-element_type=\"widget\" data-widget_type=\"text-editor.default\">\n\t\t\t\t<div class=\"elementor-widget-container\">\n\t\t\t<style>\/*! elementor - v3.15.0 - 20-08-2023 *\/\n.elementor-widget-text-editor.elementor-drop-cap-view-stacked .elementor-drop-cap{background-color:#69727d;color:#fff}.elementor-widget-text-editor.elementor-drop-cap-view-framed .elementor-drop-cap{color:#69727d;border:3px solid;background-color:transparent}.elementor-widget-text-editor:not(.elementor-drop-cap-view-default) .elementor-drop-cap{margin-top:8px}.elementor-widget-text-editor:not(.elementor-drop-cap-view-default) .elementor-drop-cap-letter{width:1em;height:1em}.elementor-widget-text-editor .elementor-drop-cap{float:left;text-align:center;line-height:1;font-size:50px}.elementor-widget-text-editor .elementor-drop-cap-letter{display:inline-block}<\/style>\t\t\t\t<p class=\"p1\"><span class=\"s1\" style=\"color: #000000;\"><b>a) Recuperaci\u00f3n de cartera vencida &#8211; fianzas:<\/b><\/span><\/p>\n<ul>\n<li class=\"p1\"><span style=\"color: #000000;\">Asesoramos y gestionamos la recuperaci\u00f3n efectiva de deudas garantizadas por fianzas, activando las garant\u00edas necesarias para asegurar el cumplimiento de las obligaciones financieras en caso de incumplimiento del deudor.<\/span><\/li>\n<li>\n<p class=\"p1\"><span style=\"color: #000000;\">Recuperaci\u00f3n de veh\u00edculos y gesti\u00f3n de campo.<\/span><\/p>\n<\/li>\n<li class=\"p1\"><span style=\"color: #000000;\">Constituimos toda clase de garant\u00edas reales<span class=\"Apple-converted-space\">&nbsp;<\/span><\/span><\/li>\n<\/ul>\n<p><span style=\"color: #000000;\"><strong>b) Gesti\u00f3n de Reclamaciones:<\/strong>&nbsp;asistencia en la evaluaci\u00f3n y resoluci\u00f3n de reclamaciones.<\/span><\/p>\n<p><span style=\"color: #000000;\"><strong>c) Asesor\u00eda en contratos y obligaciones:<\/strong>&nbsp;revisi\u00f3n, redacci\u00f3n y negociaci\u00f3n.<\/span><\/p>\t\t\t\t\t\t<\/div>\n\t\t\t\t<\/div>\n\t\t\t\t\t<\/div>\n\t\t<\/div>\n\t\t\t\t\t\t\t<\/div>\n\t\t<\/section>\n\t\t\t\t\t\t\t<\/div>\n\t\t","protected":false},"excerpt":{"rendered":"<p>Derecho Civil a) Recuperaci\u00f3n de cartera vencida &#8211; fianzas: Asesoramos y gestionamos la recuperaci\u00f3n efectiva de deudas garantizadas por fianzas, activando las garant\u00edas necesarias para asegurar el cumplimiento de las obligaciones financieras en caso de incumplimiento del deudor. Recuperaci\u00f3n de veh\u00edculos y gesti\u00f3n de campo. Constituimos toda clase de garant\u00edas reales&nbsp; b) Gesti\u00f3n de Reclamaciones:&nbsp;asistencia &hellip;<\/p>\n<p class=\"read-more\"> <a class=\"\" href=\"https:\/\/ascentiumabogados.com\/index.php\/servicios\/derecho-civil\/\"> <span class=\"screen-reader-text\">Derecho Civil<\/span> Leer m\u00e1s &raquo;<\/a><\/p>\n","protected":false},"author":1,"featured_media":0,"parent":49,"menu_order":0,"comment_status":"closed","ping_status":"closed","template":"","meta":{"site-sidebar-layout":"no-sidebar","site-content-layout":"","ast-site-content-layout":"full-width-container","site-content-style":"default","site-sidebar-style":"default","ast-global-header-display":"","ast-banner-title-visibility":"","ast-main-header-display":"","ast-hfb-above-header-display":"","ast-hfb-below-header-display":"","ast-hfb-mobile-header-display":"","site-post-title":"disabled","ast-breadcrumbs-content":"","ast-featured-img":"disabled","footer-sml-layout":"","theme-transparent-header-meta":"","adv-header-id-meta":"","stick-header-meta":"","header-above-stick-meta":"","header-main-stick-meta":"","header-below-stick-meta":"","astra-migrate-meta-layouts":"","footnotes":""},"_links":{"self":[{"href":"https:\/\/ascentiumabogados.com\/index.php\/wp-json\/wp\/v2\/pages\/802"}],"collection":[{"href":"https:\/\/ascentiumabogados.com\/index.php\/wp-json\/wp\/v2\/pages"}],"about":[{"href":"https:\/\/ascentiumabogados.com\/index.php\/wp-json\/wp\/v2\/types\/page"}],"author":[{"embeddable":true,"href":"https:\/\/ascentiumabogados.com\/index.php\/wp-json\/wp\/v2\/users\/1"}],"replies":[{"embeddable":true,"href":"https:\/\/ascentiumabogados.com\/index.php\/wp-json\/wp\/v2\/comments?post=802"}],"version-history":[{"count":64,"href":"https:\/\/ascentiumabogados.com\/index.php\/wp-json\/wp\/v2\/pages\/802\/revisions"}],"predecessor-version":[{"id":1447,"href":"https:\/\/ascentiumabogados.com\/index.php\/wp-json\/wp\/v2\/pages\/802\/revisions\/1447"}],"up":[{"embeddable":true,"href":"https:\/\/ascentiumabogados.com\/index.php\/wp-json\/wp\/v2\/pages\/49"}],"wp:attachment":[{"href":"https:\/\/ascentiumabogados.com\/index.php\/wp-json\/wp\/v2\/media?parent=802"}],"curies":[{"name":"wp","href":"https:\/\/api.w.org\/{rel}","templated":true}]}}