{"id":810,"date":"2023-10-19T13:25:27","date_gmt":"2023-10-19T13:25:27","guid":{"rendered":"https:\/\/ascentiumabogados.com\/?page_id=810"},"modified":"2024-11-04T01:35:11","modified_gmt":"2024-11-04T01:35:11","slug":"derecho-corporativo","status":"publish","type":"page","link":"https:\/\/ascentiumabogados.com\/index.php\/servicios\/derecho-corporativo\/","title":{"rendered":"Derecho Corporativo"},"content":{"rendered":"\t\t<div data-elementor-type=\"wp-page\" data-elementor-id=\"810\" class=\"elementor elementor-810\">\n\t\t\t\t\t\t\t\t\t<section class=\"elementor-section elementor-top-section elementor-element elementor-element-66799a0 elementor-section-boxed elementor-section-height-default elementor-section-height-default\" data-id=\"66799a0\" data-element_type=\"section\">\n\t\t\t\t\t\t<div class=\"elementor-container elementor-column-gap-default\">\n\t\t\t\t\t<div class=\"elementor-column elementor-col-100 elementor-top-column elementor-element elementor-element-7aea3bd\" data-id=\"7aea3bd\" data-element_type=\"column\">\n\t\t\t<div class=\"elementor-widget-wrap elementor-element-populated\">\n\t\t\t\t\t\t\t\t<div class=\"elementor-element elementor-element-2404ec6 elementor-widget elementor-widget-image\" data-id=\"2404ec6\" data-element_type=\"widget\" data-widget_type=\"image.default\">\n\t\t\t\t<div class=\"elementor-widget-container\">\n\t\t\t<style>\/*! elementor - v3.15.0 - 20-08-2023 *\/\n.elementor-widget-image{text-align:center}.elementor-widget-image a{display:inline-block}.elementor-widget-image a img[src$=\".svg\"]{width:48px}.elementor-widget-image img{vertical-align:middle;display:inline-block}<\/style>\t\t\t\t\t\t\t\t\t\t\t\t<img decoding=\"async\" loading=\"lazy\" width=\"300\" height=\"200\" src=\"https:\/\/ascentiumabogados.com\/wp-content\/uploads\/2023\/09\/pexels-pavel-danilyuk-7654396-300x200.jpg\" class=\"attachment-medium size-medium wp-image-227\" alt=\"\" srcset=\"https:\/\/ascentiumabogados.com\/wp-content\/uploads\/2023\/09\/pexels-pavel-danilyuk-7654396-300x200.jpg 300w, https:\/\/ascentiumabogados.com\/wp-content\/uploads\/2023\/09\/pexels-pavel-danilyuk-7654396-1024x684.jpg 1024w, https:\/\/ascentiumabogados.com\/wp-content\/uploads\/2023\/09\/pexels-pavel-danilyuk-7654396-768x513.jpg 768w, https:\/\/ascentiumabogados.com\/wp-content\/uploads\/2023\/09\/pexels-pavel-danilyuk-7654396-1536x1025.jpg 1536w, https:\/\/ascentiumabogados.com\/wp-content\/uploads\/2023\/09\/pexels-pavel-danilyuk-7654396-2048x1367.jpg 2048w\" sizes=\"(max-width: 300px) 100vw, 300px\" \/>\t\t\t\t\t\t\t\t\t\t\t\t\t\t\t<\/div>\n\t\t\t\t<\/div>\n\t\t\t\t\t<\/div>\n\t\t<\/div>\n\t\t\t\t\t\t\t<\/div>\n\t\t<\/section>\n\t\t\t\t<section class=\"elementor-section elementor-top-section elementor-element elementor-element-e3492ce elementor-section-boxed elementor-section-height-default elementor-section-height-default\" data-id=\"e3492ce\" data-element_type=\"section\">\n\t\t\t\t\t\t<div class=\"elementor-container elementor-column-gap-default\">\n\t\t\t\t\t<div class=\"elementor-column elementor-col-100 elementor-top-column elementor-element elementor-element-6f56c53d\" data-id=\"6f56c53d\" data-element_type=\"column\">\n\t\t\t<div class=\"elementor-widget-wrap elementor-element-populated\">\n\t\t\t\t\t\t\t\t<div class=\"elementor-element elementor-element-39c9bdb8 elementor-widget elementor-widget-heading\" data-id=\"39c9bdb8\" data-element_type=\"widget\" data-widget_type=\"heading.default\">\n\t\t\t\t<div class=\"elementor-widget-container\">\n\t\t\t<style>\/*! elementor - v3.15.0 - 20-08-2023 *\/\n.elementor-heading-title{padding:0;margin:0;line-height:1}.elementor-widget-heading .elementor-heading-title[class*=elementor-size-]>a{color:inherit;font-size:inherit;line-height:inherit}.elementor-widget-heading .elementor-heading-title.elementor-size-small{font-size:15px}.elementor-widget-heading .elementor-heading-title.elementor-size-medium{font-size:19px}.elementor-widget-heading .elementor-heading-title.elementor-size-large{font-size:29px}.elementor-widget-heading .elementor-heading-title.elementor-size-xl{font-size:39px}.elementor-widget-heading .elementor-heading-title.elementor-size-xxl{font-size:59px}<\/style><h2 class=\"elementor-heading-title elementor-size-default\">Derecho Corporativo<\/h2>\t\t<\/div>\n\t\t\t\t<\/div>\n\t\t\t\t\t<\/div>\n\t\t<\/div>\n\t\t\t\t\t\t\t<\/div>\n\t\t<\/section>\n\t\t\t\t<section class=\"elementor-section elementor-top-section elementor-element elementor-element-4f5e1488 elementor-section-boxed elementor-section-height-default elementor-section-height-default\" data-id=\"4f5e1488\" data-element_type=\"section\">\n\t\t\t\t\t\t<div class=\"elementor-container elementor-column-gap-default\">\n\t\t\t\t\t<div class=\"elementor-column elementor-col-100 elementor-top-column elementor-element elementor-element-5cf0747c\" data-id=\"5cf0747c\" data-element_type=\"column\">\n\t\t\t<div class=\"elementor-widget-wrap elementor-element-populated\">\n\t\t\t\t\t\t\t\t<div class=\"elementor-element elementor-element-3c439e3e elementor-widget__width-initial elementor-widget elementor-widget-text-editor\" data-id=\"3c439e3e\" data-element_type=\"widget\" data-widget_type=\"text-editor.default\">\n\t\t\t\t<div class=\"elementor-widget-container\">\n\t\t\t<style>\/*! elementor - v3.15.0 - 20-08-2023 *\/\n.elementor-widget-text-editor.elementor-drop-cap-view-stacked .elementor-drop-cap{background-color:#69727d;color:#fff}.elementor-widget-text-editor.elementor-drop-cap-view-framed .elementor-drop-cap{color:#69727d;border:3px solid;background-color:transparent}.elementor-widget-text-editor:not(.elementor-drop-cap-view-default) .elementor-drop-cap{margin-top:8px}.elementor-widget-text-editor:not(.elementor-drop-cap-view-default) .elementor-drop-cap-letter{width:1em;height:1em}.elementor-widget-text-editor .elementor-drop-cap{float:left;text-align:center;line-height:1;font-size:50px}.elementor-widget-text-editor .elementor-drop-cap-letter{display:inline-block}<\/style>\t\t\t\t<p class=\"p1\"><span style=\"font-family: tahoma, arial, helvetica, sans-serif; font-size: 10pt; color: #000000;\"><span class=\"s1\"><b>Constituci\u00f3n de Sociedades: <\/b>a<\/span>sesoramos en la creaci\u00f3n y registro de sociedades, incluyendo la redacci\u00f3n de estatutos y actas constitutivas.<\/span><\/p><p class=\"p1\"><span style=\"font-family: tahoma, arial, helvetica, sans-serif; font-size: 10pt; color: #000000;\"><strong>Reestructuraci\u00f3n Corporativa:<\/strong> proveemos asistencia en fusiones, adquisiciones, y otras formas de reestructuraci\u00f3n empresarial para optimizar la operaci\u00f3n y expansi\u00f3n de su negocio.<\/span><\/p><p class=\"p1\"><span style=\"font-family: tahoma, arial, helvetica, sans-serif; font-size: 10pt; color: #000000;\"><span class=\"s1\"><b>Gobierno Corporativo: <\/b>d<\/span>esarrollamos manuales y pol\u00edticas de buen gobierno corporativo, garantizando una administraci\u00f3n eficiente y transparente.<\/span><\/p>\t\t\t\t\t\t<\/div>\n\t\t\t\t<\/div>\n\t\t\t\t\t<\/div>\n\t\t<\/div>\n\t\t\t\t\t\t\t<\/div>\n\t\t<\/section>\n\t\t\t\t<section class=\"elementor-section elementor-top-section elementor-element elementor-element-daec73a elementor-section-boxed elementor-section-height-default elementor-section-height-default\" data-id=\"daec73a\" data-element_type=\"section\">\n\t\t\t\t\t\t<div class=\"elementor-container elementor-column-gap-default\">\n\t\t\t\t\t<div class=\"elementor-column elementor-col-100 elementor-top-column elementor-element elementor-element-0cb9ab5\" data-id=\"0cb9ab5\" data-element_type=\"column\">\n\t\t\t<div class=\"elementor-widget-wrap\">\n\t\t\t\t\t\t\t\t\t<\/div>\n\t\t<\/div>\n\t\t\t\t\t\t\t<\/div>\n\t\t<\/section>\n\t\t\t\t\t\t\t<\/div>\n\t\t","protected":false},"excerpt":{"rendered":"<p>Derecho Corporativo Constituci\u00f3n de Sociedades: asesoramos en la creaci\u00f3n y registro de sociedades, incluyendo la redacci\u00f3n de estatutos y actas constitutivas. Reestructuraci\u00f3n Corporativa: proveemos asistencia en fusiones, adquisiciones, y otras formas de reestructuraci\u00f3n empresarial para optimizar la operaci\u00f3n y expansi\u00f3n de su negocio. Gobierno Corporativo: desarrollamos manuales y pol\u00edticas de buen gobierno corporativo, garantizando una &hellip;<\/p>\n<p class=\"read-more\"> <a class=\"\" href=\"https:\/\/ascentiumabogados.com\/index.php\/servicios\/derecho-corporativo\/\"> <span class=\"screen-reader-text\">Derecho Corporativo<\/span> Leer m\u00e1s &raquo;<\/a><\/p>\n","protected":false},"author":1,"featured_media":0,"parent":49,"menu_order":0,"comment_status":"closed","ping_status":"closed","template":"","meta":{"site-sidebar-layout":"no-sidebar","site-content-layout":"","ast-site-content-layout":"full-width-container","site-content-style":"default","site-sidebar-style":"default","ast-global-header-display":"","ast-banner-title-visibility":"","ast-main-header-display":"","ast-hfb-above-header-display":"","ast-hfb-below-header-display":"","ast-hfb-mobile-header-display":"","site-post-title":"disabled","ast-breadcrumbs-content":"","ast-featured-img":"disabled","footer-sml-layout":"","theme-transparent-header-meta":"","adv-header-id-meta":"","stick-header-meta":"","header-above-stick-meta":"","header-main-stick-meta":"","header-below-stick-meta":"","astra-migrate-meta-layouts":"","footnotes":""},"_links":{"self":[{"href":"https:\/\/ascentiumabogados.com\/index.php\/wp-json\/wp\/v2\/pages\/810"}],"collection":[{"href":"https:\/\/ascentiumabogados.com\/index.php\/wp-json\/wp\/v2\/pages"}],"about":[{"href":"https:\/\/ascentiumabogados.com\/index.php\/wp-json\/wp\/v2\/types\/page"}],"author":[{"embeddable":true,"href":"https:\/\/ascentiumabogados.com\/index.php\/wp-json\/wp\/v2\/users\/1"}],"replies":[{"embeddable":true,"href":"https:\/\/ascentiumabogados.com\/index.php\/wp-json\/wp\/v2\/comments?post=810"}],"version-history":[{"count":22,"href":"https:\/\/ascentiumabogados.com\/index.php\/wp-json\/wp\/v2\/pages\/810\/revisions"}],"predecessor-version":[{"id":1457,"href":"https:\/\/ascentiumabogados.com\/index.php\/wp-json\/wp\/v2\/pages\/810\/revisions\/1457"}],"up":[{"embeddable":true,"href":"https:\/\/ascentiumabogados.com\/index.php\/wp-json\/wp\/v2\/pages\/49"}],"wp:attachment":[{"href":"https:\/\/ascentiumabogados.com\/index.php\/wp-json\/wp\/v2\/media?parent=810"}],"curies":[{"name":"wp","href":"https:\/\/api.w.org\/{rel}","templated":true}]}}